{"id":31,"date":"2013-09-15T14:56:48","date_gmt":"2013-09-15T12:56:48","guid":{"rendered":"http:\/\/drentsvocaal.nl\/wordpress\/?page_id=31"},"modified":"2026-03-10T21:05:38","modified_gmt":"2026-03-10T19:05:38","slug":"concerten","status":"publish","type":"page","link":"https:\/\/drentsvocaal.nl\/wordpress\/?page_id=31","title":{"rendered":"Concertarchief"},"content":{"rendered":"<p><strong>2025<\/strong><\/p>\n<dl>\n<dt>\n<dl>\n<dt>Open Repetitie<\/dt>\n<dd>Datum: 4 februari 2026<br \/>\nLocatie: Dorpskerk Gieten<br \/>\nAanvang: 19:45<\/dd>\n<\/dl>\n<\/dt>\n<dt>Jubileumconcert<\/dt>\n<dt>Datum: 16 november 2025<\/dt>\n<dd>Locatie: Margarethakerk, Valtherweg 1, Odoorn<br \/>\nAanvang: 14.00 uur<br \/>\nIn samenwerking met <strong><a href=\"https:\/\/silhouetquartet.com\/\">Silhouet Quartet.<\/a><\/strong><\/dd>\n<\/dl>\n<dl>\n<dt><\/dt>\n<dt>Open monumentendag<\/dt>\n<dd>Datum: 13 september 2025<br \/>\nLocatie: &#8217;t kleine Kerkje, Broek 2, Gieterveen<br \/>\nAanvang: 11.00 uur en 12.00 uur<\/dd>\n<\/dl>\n<dl>\n<dt>4 mei herdenking<\/dt>\n<dd>Datum: 4 mei 2025<br \/>\nLocatie: Vliegtuigmonument in Exloo<br \/>\nAanvang: Vanaf 19.30 uur koormuziek<\/dd>\n<\/dl>\n<dl>\n<dt>Bevrijdingsrun<\/dt>\n<dd>Datum: 5 mei 2025<br \/>\nLocatie: Bebingeplein, Exloo<br \/>\nAanvang: 16:00 uur<br \/>\nOntvangst hardlopers bevrijdingsrun Exloo<\/dd>\n<\/dl>\n<h1>2024<\/h1>\n<dl>\n<dt><i>Kerstconcert<\/i><\/dt>\n<dt><span style=\"font-weight: 300;\">Op 18 december j.l. heeft het Drents Vocaal Ensemble een bijzonder kerstconcert gegeven in de Dorpskerk van Gieten.<\/span><\/dt>\n<dt><span style=\"font-weight: 300;\"><span style=\"font-weight: 300;\">Onder leiding van dirigente Viola Land en pianiste Aljona werden diverse prachtige liederen ten gehore gebracht. Naast Engelse liederen heeft het koor in het Latijn, Spaans en Oekra\u00efens gezongen. Met name de kerstliederen gezongen in die laatste taal zorgde voor ontroering. Het koor en de dirigente zijn er bijzonder goed in geslaagd om emotie over te brengen en daarmee het gevoel van verbondenheid weer te geven. Na afloop was er voor iedereen een hapje en een drankje en hebben we elkaar een fijne Kerst toegewenst.<\/span><\/span><\/dt>\n<dt>Locatie: Dorpskerk Gieten, Brink 8 9461 AS Gieten.<\/dt>\n<dt><span style=\"font-weight: 300;\"><span style=\"font-weight: 300;\"><br \/>\nVoor de volledigheid hierbij het gehele programma:<\/span><\/span><\/dt>\n<\/dl>\n<ol>\n<li>Omnes de Saba venient \u2013 Handl (Gallus) 1550-1591)<\/li>\n<li>Virga Jesse floruit \u2013 Anton Bruckner (1824-1896)<\/li>\n<li>Coventry Carol (15<sup>e<\/sup> eeuw, traditional, harm. Martin Fallas Shaw)<\/li>\n<li>Riu Riu Chiu (vervangende versie, met op blz. 2 2<sup>e<\/sup> couplet bijgeschreven door Els) (toegeschreven aan Mateo Flecha de oudere (1481-1553)<\/li>\n<li>Maria durch ein Dornwald ging \u2013 (trad., zetting van Cesar Bresgen, 1913)<\/li>\n<li>Hoe leit dit Kindeken \u2013 (trad., arr. Jetse Bremer)<\/li>\n<li>O kerstnacht schooner dan de dagen (tekst Joost van den Vondel, melodie 17<sup>e<\/sup> eeuw Nederland, Adriaan Engels)<\/li>\n<li>See amidst the winter\u2019s snow<\/li>\n<li>Samenzang: Nu zijt wellecome<\/li>\n<li>Otche Nash Onze Vader (melodie Nikolai Kedrov, 1871- 1940)<\/li>\n<li>Bogoroditse Djevo &#8211; Sergei Rachmaninoff (1873-1943)<\/li>\n<li>Lully, lulla, lullay &#8211; Philip Stopford (1977)<\/li>\n<li>Lullay \u2013 Karl Jenkins (1944)<\/li>\n<li>Samenzang: Stille Nacht<\/li>\n<li>Tsjedrick (trad. Oekra\u00efne, \u2018carol of the bells\u2019)<\/li>\n<li>Tsjedry Wetzier (trad. Oekra\u00efens kerstlied)<\/li>\n<li>Have yourself a merry little Christmas &#8211; Irving Berlin (1888\u20131989)(arr. Anita Kerr)<\/li>\n<li>Samenzang: Ere zij God<\/li>\n<\/ol>\n<dl>\n<dt><\/dt>\n<dt><strong><i>Concert &#8216;Vrijheid, (niet meer) vanzelfsprekend, 28 april<\/i><\/strong><span style=\"font-weight: 300;\">\u00a0 \u00a0<\/span><\/dt>\n<\/dl>\n<dl>\n<dt><span style=\"font-weight: 300;\">Het Drents Vocaal Ensemble verzorgde een concert in het kader van de \u2018culturele vrijheidsweken&#8217; in 2e Exlo\u00ebrmond, georganiseerd door <\/span><a style=\"font-weight: 300;\" href=\"https:\/\/www.veenenzand.nl\/about\">Veen en Zand<\/a><span style=\"font-weight: 300;\">. Deze stichting voor culturele samenwerking organiseerde in de weken rond de 4 en 5 mei viering verschillende activiteiten.<\/span><\/dt>\n<dt><\/dt>\n<dt><\/dt>\n<dt><span style=\"font-weight: 300;\">Onder de noemer &#8216;Vrijheid, (niet meer) vanzelfsprekend&#8217; werd het thema vrijheid van diverse kanten belicht. Het koor zong een selectie liederen uit zijn repertoire. Het liedprogramma werd afgewisseld met verbindende teksten. Dennis Renardel de Lavalette heeft als spreekstalmeester opgetreden. Een deel van de liederen werd a capella gezongen, een ander deel werd begeleid op piano. Het geheel stond onder leiding van dirigente Viola Land.<\/span><\/dt>\n<dt><\/dt>\n<dt><\/dt>\n<dt><span style=\"font-weight: 300;\">Locatie: <\/span><a style=\"font-weight: 300;\" href=\"https:\/\/www.odeoncultuurhuis.nl\/\">Odeon Cultuurhuis<\/a><span style=\"font-weight: 300;\">, Zuiderdiep 123 9571 BG 2e Exlo\u00ebrmond.<\/span><\/dt>\n<\/dl>\n<h1><\/h1>\n<h1>2023<\/h1>\n<p style=\"padding-left: 40px;\"><strong><i>Kerstdubbelconcert Dorpskerk Gieten woensdag 20 december<\/i><\/strong><\/p>\n<p style=\"padding-left: 40px;\"><span style=\"font-weight: 300;\">Samen met het Vocaal Ensemble Roden verzorgde DVE een kerstdubbelconcert. VER bracht ten gehore: Tollite hostias, Away in a manger, Heiligste Nacht, Ieze Heroewimy en Eer zij God in onze dagen. DVE zong: O Kerstnacht schooner dan de dagen, O Jesulein s\u00fcss, Love came down at Christmas, Blazhen Muzh en Have yourself a merry little Christmas &#8211; potpourri. Gezamenlijk zongen de koren de volgende liederen: Kings of Orient, What child is this, Hark, the herald angels sing, \u2019t Is geboren het Godd\u2019lijk Kind (samenzang), Shedrick, shedrick, Shedrick wetsjier, On Christmas Day, The First Nowell, An Irish blessing, Stille nacht. Enkele liederen werden in samenzang gezongen.<\/span><\/p>\n<p style=\"padding-left: 40px;\"><strong><i>Concert Semspodium Stadskanaal, Stichting Vrienden Semsstraatkerk<\/i><\/strong><\/p>\n<p style=\"padding-left: 40px;\">Het thema van het concert in Stadskanaal was Herfsttinten. Ook nu weer een zeer gevarieerd programma. Met muziek van oude componisten als Purcell, Bach, Dubra en Rachmaninoff tot muziek van moderne componisten als Whitacre, Gjeilo en Bremer. Het was een zeer geslaagd en gewaardeerd concert.<\/p>\n<p style=\"padding-left: 40px;\"><em><strong>Programma:<\/strong><\/em><\/p>\n<ol>\n<li style=\"list-style-type: none;\">\n<ul>\n<li>If Music be the Food of Love &#8211; Henry Purcell<\/li>\n<li>Dr\u00f6mmarna &#8211; Jean Sibelius<\/li>\n<li>The Seal Lullaby &#8211; Eric Whitacre<\/li>\n<li>O Happy Eyes &#8211; Edward Elgar<\/li>\n<li>O Crux Ave &#8211; Rihards Dubra<\/li>\n<li>Blazhen Muzh &#8211; Rachmaninoff<\/li>\n<li>Bogoroditse Devo &#8211; Rachmaninoff<\/li>\n<li>An Irish blessing &#8211; trad.<\/li>\n<li>Komt vrienden in het ronden &#8211; arr. Jetse Bremer<\/li>\n<li>Heissa Kathreinerle &#8211; trad.<\/li>\n<li>Grapje &#8211; Bach<\/li>\n<li>The Goslings &#8211; Sir Frederick Bridge<\/li>\n<li>Elegia &#8211; Karl Jenkins<\/li>\n<li>The Rose &#8211; Ola Gjeilo<\/li>\n<li>The Dance &#8211; Edward Elgar<\/li>\n<\/ul>\n<\/li>\n<\/ol>\n<dl>\n<dt><i>Concert Een Europees moza\u00efek Margarethakerk Norg zondag 5 maart<\/i><\/dt>\n<dd>Dit eerste concert na een hersteljaar van corona bracht een mengeling van voor het koor bekende en nieuwe muziek. In een ten opzichte van 2019 sterk vernieuwde samenstelling werden ten gehore gebracht: Regina Coeli \u2013 Antonio Lotti (1665\/1667-1740); Love is a sickness \u2013 Ralph Vaughan Williams (1872-1958); The long day closes \u2013 Arthur Sullivan (1842-1900); Like as the doleful dove \u2013 Thomas Tallis (1505-1585); Ave generosa \u2013 Ola Gjeilo (1978); Sure on this shining night \u2013 Morten Lauridsen (1943). Het programma voor de pauze werd afgesloten met een instrumentaal intermezzo. Viola Land speelde de prelude &amp; fuga in Es-groot BWV 552 van J.S. Bach (1685-1750). Na de pauze zorg het koor O crux ave \u2013 Rihards Dubra (1964); Bogoroditse Djevo \u2013 Sergei Rachmaninoff (1873-1943); The crown of roses \u2013Pjotr Iljitsj Tsjaikovski (1840-1893); Ubi caritas \u2013 Ola Gjeilo (1978); The rose \u2013 Ola Gjeilo (1978); Dirait-on \u2013 Morten Lauridsen (1953); Can\u2019t buy me love \u2013 John Lennon (1940-1980)\/ Paul McCartney (1942) en ten slotte When I\u2019m sixty-four \u2013 John Lennon (1940-1980)\/ Paul McCartney (1942)<\/dd>\n<\/dl>\n<h1>2022<\/h1>\n<dl>\n<dt><i>Kerstconcert Bellingwolde\u00a0<\/i><\/dt>\n<dd>Op zondagmiddag 18 december om 16:00 uur verzorgde DVE onder leiding van Viola Land en met muzikale ondersteuning van fluitiste Nicole Grothe een kerstconcert. Traditionele a capella Engelse carols (serieus en vrolijk) werden afgewisseld met moderne kerstliederen (van o.a. Karl Jenkins en Philip Stopford) en ontroerende liederen in het Nederlands. Een enkel stuk ging vergezeld van pianobegeleiding (Lauridsen, Sure on this shining night). Daarnaast nog werk van Rachmaninoff en twee bijzondere Oekra\u00efense kerstliedjes. Dwarsfluitiste Nicole Grothe verzorgde samen met Viola Land (duo fluit\/piano) enkele instrumentale intermezzo\u2019s.<\/dd>\n<dt><i style=\"font-weight: bold;\">Informeel kerstconcert Dorpskerk Gieten woensdag 21 december 2022\u00a0<\/i><\/dt>\n<dd>Op woensdagavond 21 december om 20:00 verzorgde het Drents Vocaal Ensemble een informele reprise van het concert van 18 december. Wij vierden dat we als koor er weer staan en voor het publiek dat gratis toegang had, was er een drankje en een hapje beschikbaar.<\/dd>\n<\/dl>\n<h1>2019<\/h1>\n<dl>\n<dt><i>Concert &#8216;Peace&#8217; &#8211; Kamerkoor Marum, Drents Vocaal Ensemble en Veenkoloniaal SymfonieOrkest<\/i><\/dt>\n<dd>Op zaterdagavond 9 november 2019 in Leek (Kerk de Hoeksteen verzorgden deze twee kamerkoren die dezelfde dirigent (Bernard Slofstra) deelden en het Veenkoloniaal Symfonieorkest o.l.v. Lubertus Leutscher een uniek concert met werken van zowel klassieke als hedendaagse componisten. A capella koormuziek, begeleide koormuziek, filmmuziek, klassieke instrumentale muziek werden in een mooie combinatie aangeboden voor een breed publiek.<\/dd>\n<dt><i>Programma<\/i><\/dt>\n<dd>VKSO: Ouverture Egmont, op. 84 &#8211; Ludwig van Beethoven; Deel III en IV van de 4e symfonie (d-klein), op. 120 &#8211; Robert Schumann<\/dd>\n<dd>Koren + VKSO: The armed man (deel I uit A Mass for Peace) \u2013 Karl Jenkins<\/dd>\n<dd>Koren a capella: This Marriage, Sleep, Lux Aurumque; Her sacred spirit soars (dubbelkoor) \u2013 Eric Whitacre<\/dd>\n<dd>Koren + VKSO: The Seal Lullaby \u2013 Eric Whitacre<\/dd>\n<dd>VKSO: Dances with wolves (uit: Dances with wolves &#8211; John Barry); Hymn to the fallen (uit: Saving private Ryan &#8211; John Williams)<\/dd>\n<dd>Koren a capella: The Shepherd (Karl Jenkins)<\/dd>\n<dd>Koren + VKSO: Peace, peace en Healing light (The Peacemakers) &#8211; Karl Jenkins<\/dd>\n<dd>Adiemus (uit: Symphonic Adiemus) &#8211; Karl Jenkins<\/dd>\n<\/dl>\n<dl>\n<dt><i>&#8216;Van de liefde en het leven&#8217;. Expressieve muziek uit Spanje en Argentini\u00eb<\/i><\/dt>\n<dd>Op zondagmiddag 13 januari 2019 in Norg (Margarethakerk, Culturele Raad Norg) en op zaterdagavond 19 januari 2019 in de Hervormde Kerk in Odoorn verzorgde het Drents Vocaal Ensemble twee uitvoeringen van een bijzonder programma met werken van o.a. twee Spaans(talige) componisten (Castelnuovo-Tedesco en Guastavino). Gitarist Levi Akkerman verzorgde de begeleiding van enkele werken uit dit programma op Spaanse gitaar en speelde ook enkele solostukken.<\/dd>\n<dt><i>Programma<\/i><\/dt>\n<dd>Behalve enkele anonieme renaissancestukken (Dindirindin; Que \u00e9 o que vejo; Con amores, la mi madre; Otro tal misacantano) werden uitgevoerd: van J. del Encina (1468-1529): M\u00e1s vale trocar; van J.M. Cap\u00f3n (1840-1899) Negra sombra; van M. Castelnuovo &#8211; Tedesco (1895-1968) uit Romancero Gitano op. 152: La Guitarra * Pu\u00f1al * Memento * Cr\u00f3talo; van C. Guastavino (1912-2000):\u00a0Mi Garganta * Se equivoc\u00f3 la paloma * Una pena nuevamente * Bonita rama de sauce<\/dd>\n<\/dl>\n<h1>2017<\/h1>\n<dl>\n<dt><i>Concert Motetten en meer &#8211; kerstzang van middeleeuws tot modern<\/i><\/dt>\n<dd>Op zondag 17 december in Stadskanaal (Streekhistorisch centrum, matinee op uitnodiging, aanvang 14:30) en op woensdag 20 december in het Witte Kerkje in Gasselte verzorgt het Drents Vocaal Ensemble twee uitvoeringen van een bijzonder en sfeervol kerstprogramma.<\/dd>\n<dt><i>Concert \u00b4In Scandinavische sferen&#8217; <\/i><\/dt>\n<dd>Dit concert werd gegeven\u00a0in Vilsteren (serie Landgoedconcerten, St. Willibrorduskerk, 12 maart) en in de Kerkzaal Heerencompagnie. Op het programma stonden romantische en moderne composities van merendeels Scandinavische componisten, zoals Hugo Alf\u00e9n, Wilhelm Peterson-Berger, Morten Lauridsen, Arvo P\u00e4rt, Jean Sibelius\u00a0 en Oskar Lindberg.<\/dd>\n<\/dl>\n<h1>2016<\/h1>\n<dl>\n<dt><i>Concert \u00b4In dulci jubilo 2.0\u00b4<\/i>&#8211; Reprise van het jubileumconcertprogramma om de St. Jorismis nog eens met het eigen koor uit te voeren op 22 mei in de Semsstraatkerk te Stadskanaal.<\/dt>\n<dd>Het koor gaf het eerste concert in het Ontmoetingscentrum Semsstraatkerk na de ingrijpende renovatie van de kerk. Behalve een selectie van lievelingsliederen uit het repertoire \u2018van middeleeuws tot modern\u2019 voerde het koor in aanwezigheid van de componist Herman Finkers de St-Jorismis uit. Bij de mis en bij enkele liederen van Elgar werd het koor op piano begeleid door Tomas Kloosterman. Hij speelde tevens enkele etudes van Rachmaninov.<\/dd>\n<dt><em>Concert &#8216;Love came down at Christmas&#8217;<\/em>, kerstconcert\u00a0op 21 december in de Dorpskerk in Gieten.<\/dt>\n<dd>Onder de noemer &#8216;eigentijdse componisten over liefde, licht en vrede\u00a0 programmeerde het koor nu eens niet de geijkte carols, maar meest moderne muziek passend\u00a0 bij de kersttijd. Het programma omvatte: <em>Wassail Song (arrangement volkslied, nr. 5 uit\u00a0Five English Folksongs), nr. 5\u00a0<\/em>van Ralph Vaughan Williams (1872-1958); van John Rutter (1945): <em>Cradle song &#8211; \u00a0Rise up, shepherd, and follow &#8211;\u00a0I wonder as I wander; <\/em>van Morten Lauridsen (1943): <i>O Nata Lux <\/i>(1997)<i> en O Magnum Mysterium <\/i>(1994); van Arvo P\u00e4rt (1935): <em>Magnificat <\/em>(1989) en <i>Da pacem Domine <\/i>(2004-2006); van Philip W.J. Stopford (1977): <i>Love came down at Christmas (tekst Christina Rossetti &#8211; <\/i>1830-1894<i>),\u00a0<\/i><em>Lully, Lulla, Lullay,\u00a0A Christmas Blessing (begeleid op piano door Bernard Slofstra); <\/em>en als uitsmijter van Arthur Warrell (1883-1939): A Merry Christmas!<\/dd>\n<\/dl>\n<h1>2015<\/h1>\n<dl>\n<dt><i>Jubileumconcert In dulci jubilo\u2026<\/i> &#8211; Concerten op 15 november 2015 (Norg), 28 november 2015 (Odoorn) en 13 december 2015 (Oudleusen)<\/dt>\n<dd>De\u00a0zes onderdelen van de St-Jorismis van Herman Finkers (Kyrie, Gloria, Credo, Benedictus, Sanctus, Agnus Dei) vormden de trekker van het programma. Voor dit onderdeel werd het koor versterkt met ruim 20 projectkoorzangers. Daarnaast omvatte het programma werk van renaissance- en barokcomponisten zoals\u00a0Arbeau en\u00a0Gastoldi, maar ook van\u00a0moderne en contemporaine componisten zoals\u00a0Poulenc,\u00a0Rachmaninov, Elgar en\u00a0Durufl\u00e9.\u00a0\u00a0De St-Jorismis en The Dance van Elgar werden op piano begeleid door Jan de Roos.<\/dd>\n<dt>Concertprogramma<\/dt>\n<dd>Pavane \u2013 Toinot Arbeau (1520 &#8211; 1595); Amor Vittorioso \u2013 Giovanni Giacomo Gastoldi (ca. 1550 &#8211; 1622); \u00a0Kung Liljekonvalje \u2013 David Wikander (1884 &#8211; 1955);\u00a0Bogoroditse Devo (op. 37, nr. 6); Sergei Rachmaninov (1873 &#8211; 1943);\u00a0Quatre Motets sur des th\u00e8mes gr\u00e9goriens (op. 10, 1-4); Maurice Durufl\u00e9 (1902 &#8211; 1986);\u00a0Salve Regina \u2013 Francis Poulenc (1899 &#8211; 1963); O crux ave \u2013 Rihards Dubra (1964);\u00a0My love dwelt in a northern land (op. 18, nr. 3);\u00a0The Dance &#8211; Scenes from the Bavarian Highlands (op. 27, nr.1);\u00a0Edward Elgar (1857 &#8211; 1934).\u00a0Missa in honorem Sancti Georgii \u2013 Herman Finkers (1954):\u00a01. Kyrie 2. Gloria 3. Credo 4. Sanctus 5. Benedictus 6. Agnus Dei.<\/dd>\n<\/dl>\n<h1>2014<\/h1>\n<dl>\n<dt><i>Madrigalen en meer\u2026<\/i> &#8211; Concert 23 november 2014, Hervormde kerk Odoorn 15:00 uur<\/dt>\n<dd>Het programma omvatte\u00a0werken van Engelse componisten vanaf de renaissance tot en met de moderne tijd. Startend met\u00a0madrigalen uit renaissance en barok,\u00a0gingen we\u00a0via Frederick Bridge en J.W. Hobbs naar de klassieke part songs van de 19e eeuw\u00a0om\u00a0in de tegenwoordige tijd uit te komen\u00a0bij\u00a0John Rutter, Bob Chilcott\u00a0en Lennon &amp; McCartney.\u00a0De\u00a0originele mix van geestelijke en wereldlijke muziek die devotie, volksmuziekmotieven, humor en liefde voor het leven weerspiegelt maakte zijn belofte waar: muziek om blij van te worden.<\/dd>\n<dt>Concertprogramma<\/dt>\n<dd>A Gaelic blessing \u2013 John Rutter (1945); A Blue Bird en Heraclitus &#8211; Charles Villiers Stanford (1852 \u2013 1924); Crossing the Bar \u2013 Joseph Barnby (1838 \u2013 1896); My Delight and Thy Delight &#8211; Charles Hubert Hastings Parry (1848 &#8211; 1918); The Isle is Full of Noises \u2013 Bob Chilcott (1955) en The Goslings &#8211; Frederick Bridge (1844 \u2013 1924).<br \/>\nApril is in my mistress\u2019 face \u2013 Thomas Morley (1558-1603); If ye Love me \u2013 Thomas Tallis (ca. 1505-1585), Drop drop slow tears en The Silver Swan \u2013 Orlando Gibbons (1583-1625), Phillis is my only Joy (J.W. Hobbs), She\u2019s like the swallow, The Three Ravens &#8211; T. Ravenscroft (ca. 1585 -1635), Come ye Sons of art &#8211; Henry Purcell (1658-1695), Can\u2019t buy me love &#8211; Lennon &amp; McCartney. Als verrassing bracht een kwartet uit het midden van het koor\u00a0nog\u00a0twee stukken ten gehore: Triste Espa\u00f1a (Juan del Encina; 1468-1529) en Mille regretz (Joaquin Des Prez, ca. 1450-1521).<\/dd>\n<dt><\/dt>\n<\/dl>\n<h1>2014<\/h1>\n<dl>\n<dt><i>Concert &#8216;I was glad&#8217; 23 februari 2014, Veenhuizen<\/i><\/dt>\n<dd>Het Drents Vocaal Ensemble voerde\u00a0dit dubbelconcert uit in de Koepelkerk in Veenhuizen samen met Kamerkoor Marum dat toen onder leiding van dezelfde dirigent stond (Bernhard Slofstra). Er was grote belangstelling. In een gevarieerd programma met merendeels a capella part songs en enkele stukken met orgelbegeleiding van Engelse componisten werden\u00a0allerlei facetten van de liefde bezongen.\u00a0De koren verzorgden elk een eigen programma. Samen voerden zij uit vier van de <i>Five English Folksongs<\/i> van Ralph Vaughn Williams (1872-1958) (a capella) en <i>I was glad<\/i> van Charles Hubert Hastings Parry (1848-1918), met orgelbeleiding. Jan de Roos verzorgde de begeleiding op het orgel<\/dd>\n<dt>Programma Kamerkoor Marum<\/dt>\n<dd>Magnificat &amp; Nunc Dimittis (John Travers, 1703-1758), met orgelbegeleiding; Cupid \u2013 Roger Cuthbert Quilter (1877 \u2013 1953); The long day closes \u2013 Arthur Sullivan (1842-1900); Shall we go dance &#8211; Charles Villiers Stanford (1852 \u2013 1924); O, my love is like a red, red rose &#8211; Nick Austin; en I love my love &#8211; Gustav Holst (1874 &#8211; 1934).<\/dd>\n<dt>Programma Drents Vocaal Ensemble<\/dt>\n<dd>A Gaelic blessing \u2013 John Rutter (1945), met orgelbegeleiding; A Blue Bird en Heraclitus &#8211; Charles Villiers Stanford (1852 \u2013 1924); Crossing the Bar \u2013 Joseph Barnby (1838 \u2013 1896); My Delight and Thy Delight &#8211; Charles Hubert Hastings Parry (1848 &#8211; 1918); The Isle is Full of Noises \u2013 Bob Chilcott (1955) en The Goslings &#8211; Frederick Bridge (1844 \u2013 1924).<\/dd>\n<\/dl>\n<h1>2013<\/h1>\n<dl>\n<dt><i>Een bonte ruiker: voorjaarsconcert 21 april 2013, Stadskanaal, 14:30 uur<\/i><\/dt>\n<dd>Het bloemenprogramma van 2012 &#8216;Een geurige ruiker&#8217; werd uitgebreid met verschillende stukken die over (ontluikende) liefde gaan. Met dit programma verzorgde DVE een geslaagde uitvoering in het Streekhistorisch Centrum Stadskanaal: een deel in de Watertoren, het tweede deel in de Villa Ter Marse. Een foto-impressie van de uitvoering en de voorbereidende studiedag kunt u\u00a0op de <a title=\"Foto\u2019s\" href=\"https:\/\/drentsvocaal.nl\/wordpress\/?page_id=48\">Fotopagina<\/a>\u00a0bekijken<\/dd>\n<dt>Programma<\/dt>\n<dd>&#8216;Een bonte ruiker&#8217; presenteerde liederen uit verschillende stijlperioden vanaf de middeleeuwen tot de moderne tijd die bloemen en\/of de liefde tot onderwerp hebben. Het bevatte renaissancestukken, naast moderne stukken van o.a. Edward Elgar (1857-1934) en de Groningse componist Huub de Lange (geb. 1955). Bekende liederen uit het 19e eeuwse romantische repertoire van Brahms, Schumann, Mendelssohn en Saint-Sa\u00ebns werden gecombineerd met moderne Scandinavische stukken met een lyrische of impressionistische inslag:\u00a0Dofta Dofta, vit siren\u00a0van David Wikander (1884-1955) en Midsommersang\u00a0(Svend Schulz, 1913-1998).<\/dd>\n<\/dl>\n<h1>2012<\/h1>\n<dl>\n<dt><i>Concertprogramma &#8216;Een geurige ruiker&#8217;<\/i><\/dt>\n<dd>Het Drents Vocaal Ensemble heeft samen met\u00a0Vocaal Ensemble Arioso o.l.v. Tera van den Heuvel\u00a0(Cantus Europa, volksliederen uit Europa) uitvoeringen verzorgd op zaterdagavond 29 september in de Bethelkerk in Assen en op zondagmiddag 30 september in de sfeervolle Stefanuskerk in Westerbork. Elk koor verzorgde een eigen programma, terwijl twee liederen samen werden gezongen.<\/dd>\n<dt>Programma<\/dt>\n<dd>DVE zong liederen van zeer verschillende componisten uit de 16e, 18e, 19e eeuw, maar ook heel modern werk: John Farmer (ca.1570-ca.1601) \u2013 You Pretty Flowers \/ Huub de Lange (geb.1955) \u2013 The Gift \/ John Wall Callcott (1766-1821) \u2013 Once upon my cheek he said the rose grew \/ David Wikander (1884-1955) \u2013 Dofta, dofta vit syren; Johannes Brahms (1833-1897) \u2013 Rosmarin \/ Henry C. Watson (1818-1875) \u2013 The Air is heavy with the Breath of Flowers Eric H. Thiman (1900-1975) \u2013 Go, lovely Rose; F. Mendelssohn-Bartoldy (1809-1847) \u2013 Fr\u00fchlingsahnung, Die Primel. Arioso zong volksliederen uit geheel Europa in een driestemmige bewerking van Jan Vermulst, aangevuld met enkele renaissancestukken.<\/dd>\n<\/dl>\n<h1>2011<\/h1>\n<dl>\n<dt><i>Concertprogramma Music of Inner Harmony<\/i><\/dt>\n<dd>\u00a0Op zaterdag 5 (try-out in Nieuw-Buinen), zondag 6 (Veenhuizen) en zondag 13 november (Borger) 2011 voerden het Drents Vocaal Ensemble en het Kamerkoor Marum met succes een gezamenlijk en bijzonder concertprogramma uit. De concerten, waarin elk koor een eigen gedeelte verzorgde en enkele stukken samen werden uitgevoerd, werden goed bezocht.<\/dd>\n<dt>Programma Kamerkoor Marum<\/dt>\n<dd>O Magnum Mysterium &#8211; Tom\u00e1s Luis de Victoria (1549-1611); Bogoroditse Devo &#8211; Sergei Rachmaninoff (1873-1943); Spassi Boje &#8211; Anoniem; Ave Maris Stella &#8211; Rihards Dubra (1964)<\/dd>\n<dt>Programma Drents Vocaal Ensemble<\/dt>\n<dd>Super flumina Babylonis &#8211; Giovanni P. da Palestrina (1525-1594); Lamentatio &#8211; Manuel Cardoso (1566-1650); Da Pacem Domine &#8211; Arvo P\u00e4rt (1935); O Crux ave &#8211; Rihards Dubra (1964); Laudi alla Vergine Maria &#8211; Giuseppe Verdi (1813-1901)<\/dd>\n<dt>Gezamenlijk programma<\/dt>\n<dd>O Magnum Mysterium &#8211; Morten Lauridsen (1943) en Totus Tuus &#8211; Henryk G\u00f3recki (1933-2010)<\/dd>\n<\/dl>\n<h1>2010<\/h1>\n<dl>\n<dt><i>Franse componisten<\/i><\/dt>\n<dd>In 2010 bestond DVE 30 jaar. Voor de twee uitvoeringen van het jubileumprogramma werd muziek van Franse componisten ingestudeerd: a capella werken van Guillaume de Machaut (1300-1377), een polyfone mis, Maurice Durufl\u00e9 (1902-1986), Quatre motets, enkele liederen van Camille Saint-Sa\u00ebns (1835-1921), Claude le Jeune (1528-1600) en Francis Poulenc (1899-1963). Een mix dus van middeleeuwse seculiere en religieuze muziek en hoogromantisch repertoire. Het programma werd uitgevoerd op zondag 14 november (Dorpskerk Borger) en op 21 november in de kerk van Sleen.<\/dd>\n<\/dl>\n<h1>2009<\/h1>\n<dl>\n<dt><i>Elgar op het jubileumconcert van Bernard Slofstra<\/i><\/dt>\n<dd>In 2009 hebben we de ingestudeerde muziek (Elgar, Part Songs en Scenes from the Bavarian Highlands) samen uitgevoerd met het Kamerkoor Marum. We traden in november 2009 twee keer gezamenlijk op ter gelegenheid van Bernards 12,5 jarig jubileum als koordirigent. Bij beide optredens, een in de RK kerk in Veenhuizen en een in de Dorpskerk in Borger, zorgde pianist Jan de Roos voor begeleiding, bij wijze van uitzondering voor ons koor. De optredens waren een groot succes.<\/dd>\n<dt>Programma<\/dt>\n<dd>Lullaby; As Torrents in Summer; How Calmly the Evening; Aspiration; False Love; Love; My Love dwelt in a Northern Land; O Happy Eyes; On the Alm; The Dance; The Marksman<\/dd>\n<\/dl>\n<h1>2008<\/h1>\n<dl>\n<dt><i>Religieuze muziek middeleeuws en modern<\/i><\/dt>\n<dd>Het concert in 2008 bevatte Marialiederen van verschillende componisten en de Mass for four voices van William Byrd. Uitgevoerd werden: Ave Maria&#8217;s van Cornelius Verdonck, Igor Stravinsky en Josquin Desprez; Salve regina&#8217;s van Francis Poulenc, Anton Verheij en Franz Liszt; Mass for four voices van William Byrd.<\/dd>\n<\/dl>\n","protected":false},"excerpt":{"rendered":"<p>2025 Open Repetitie Datum: 4 februari 2026 Locatie: Dorpskerk Gieten Aanvang: 19:45 Jubileumconcert Datum: 16 november 2025 Locatie: Margarethakerk, Valtherweg 1, Odoorn Aanvang: 14.00 uur In samenwerking met Silhouet Quartet. Open monumentendag Datum: 13 september 2025 Locatie: &#8217;t kleine Kerkje, &hellip; <a href=\"https:\/\/drentsvocaal.nl\/wordpress\/?page_id=31\">Lees verder <span class=\"meta-nav\">&rarr;<\/span><\/a><\/p>\n","protected":false},"author":1,"featured_media":0,"parent":0,"menu_order":0,"comment_status":"closed","ping_status":"closed","template":"","meta":{"footnotes":""},"class_list":["post-31","page","type-page","status-publish","hentry"],"_links":{"self":[{"href":"https:\/\/drentsvocaal.nl\/wordpress\/index.php?rest_route=\/wp\/v2\/pages\/31","targetHints":{"allow":["GET"]}}],"collection":[{"href":"https:\/\/drentsvocaal.nl\/wordpress\/index.php?rest_route=\/wp\/v2\/pages"}],"about":[{"href":"https:\/\/drentsvocaal.nl\/wordpress\/index.php?rest_route=\/wp\/v2\/types\/page"}],"author":[{"embeddable":true,"href":"https:\/\/drentsvocaal.nl\/wordpress\/index.php?rest_route=\/wp\/v2\/users\/1"}],"replies":[{"embeddable":true,"href":"https:\/\/drentsvocaal.nl\/wordpress\/index.php?rest_route=%2Fwp%2Fv2%2Fcomments&post=31"}],"version-history":[{"count":125,"href":"https:\/\/drentsvocaal.nl\/wordpress\/index.php?rest_route=\/wp\/v2\/pages\/31\/revisions"}],"predecessor-version":[{"id":1832,"href":"https:\/\/drentsvocaal.nl\/wordpress\/index.php?rest_route=\/wp\/v2\/pages\/31\/revisions\/1832"}],"wp:attachment":[{"href":"https:\/\/drentsvocaal.nl\/wordpress\/index.php?rest_route=%2Fwp%2Fv2%2Fmedia&parent=31"}],"curies":[{"name":"wp","href":"https:\/\/api.w.org\/{rel}","templated":true}]}}